{"id":945,"date":"2020-09-24T10:05:01","date_gmt":"2020-09-24T13:05:01","guid":{"rendered":"http:\/\/rotisseriemartins.com.br\/?post_type=product&#038;p=945"},"modified":"2025-07-08T19:37:33","modified_gmt":"2025-07-08T22:37:33","slug":"talharim-prato-unico","status":"publish","type":"product","link":"https:\/\/rotisseriemartins.com.br\/index.php\/product\/talharim-prato-unico\/","title":{"rendered":"Talharimao Sugo ( por\u00e7\u00e3o \u00fanica)350g"},"content":{"rendered":"<p>Talharin ao Sugo<br \/>\n350g serve 1 pessoa.<br \/>\nJ\u00e1 Pronta para o Consumo<\/p>\n","protected":false},"excerpt":{"rendered":"<p>Talharin ao Sugo 350g serve 1 pessoa. J\u00e1 Pronta para o Consumo<\/p>\n","protected":false},"featured_media":1086,"comment_status":"open","ping_status":"closed","template":"","meta":[],"product_cat":[51],"product_tag":[],"class_list":{"0":"post-945","1":"product","2":"type-product","3":"status-publish","4":"has-post-thumbnail","6":"product_cat-massas-italiana","8":"entry","9":"has-media","11":"first","12":"outofstock","13":"shipping-taxable","14":"purchasable","15":"product-type-simple","16":"has-product-nav","17":"col","18":"span_1_of_3","19":"owp-content-center","20":"owp-thumbs-layout-horizontal","21":"owp-btn-normal","22":"owp-tabs-layout-horizontal"},"_links":{"self":[{"href":"https:\/\/rotisseriemartins.com.br\/index.php\/wp-json\/wp\/v2\/product\/945"}],"collection":[{"href":"https:\/\/rotisseriemartins.com.br\/index.php\/wp-json\/wp\/v2\/product"}],"about":[{"href":"https:\/\/rotisseriemartins.com.br\/index.php\/wp-json\/wp\/v2\/types\/product"}],"replies":[{"embeddable":true,"href":"https:\/\/rotisseriemartins.com.br\/index.php\/wp-json\/wp\/v2\/comments?post=945"}],"wp:featuredmedia":[{"embeddable":true,"href":"https:\/\/rotisseriemartins.com.br\/index.php\/wp-json\/wp\/v2\/media\/1086"}],"wp:attachment":[{"href":"https:\/\/rotisseriemartins.com.br\/index.php\/wp-json\/wp\/v2\/media?parent=945"}],"wp:term":[{"taxonomy":"product_cat","embeddable":true,"href":"https:\/\/rotisseriemartins.com.br\/index.php\/wp-json\/wp\/v2\/product_cat?post=945"},{"taxonomy":"product_tag","embeddable":true,"href":"https:\/\/rotisseriemartins.com.br\/index.php\/wp-json\/wp\/v2\/product_tag?post=945"}],"curies":[{"name":"wp","href":"https:\/\/api.w.org\/{rel}","templated":true}]}}